{"id":99,"date":"2024-12-24T08:25:20","date_gmt":"2024-12-24T07:25:20","guid":{"rendered":"https:\/\/2024.hotellerie-franciscaine.ch\/?page_id=99"},"modified":"2026-01-30T15:38:59","modified_gmt":"2026-01-30T14:38:59","slug":"table-dhotes-et-restauration","status":"publish","type":"page","link":"https:\/\/hotellerie-franciscaine.ch\/de\/table-dhotes-et-restauration\/","title":{"rendered":"Table d&rsquo;h\u00f4tes et restauration"},"content":{"rendered":"<div data-elementor-type=\"wp-page\" data-elementor-id=\"99\" class=\"elementor elementor-99\" data-elementor-post-type=\"page\">\n\t\t\t\t<div data-particle_enable=\"false\" data-particle-mobile-disabled=\"false\" class=\"elementor-element elementor-element-56e884d e-flex e-con-boxed e-con e-parent\" data-id=\"56e884d\" data-element_type=\"container\" data-e-type=\"container\" data-settings=\"{&quot;background_background&quot;:&quot;classic&quot;,&quot;jet_parallax_layout_list&quot;:[]}\">\n\t\t\t\t\t<div class=\"e-con-inner\">\n\t\t\t\t\t<\/div>\n\t\t\t\t<\/div>\n\t\t<div data-particle_enable=\"false\" data-particle-mobile-disabled=\"false\" class=\"elementor-element elementor-element-e6099de e-flex e-con-boxed e-con e-parent\" data-id=\"e6099de\" data-element_type=\"container\" data-e-type=\"container\" data-settings=\"{&quot;jet_parallax_layout_list&quot;:[]}\">\n\t\t\t\t\t<div class=\"e-con-inner\">\n\t\t<div data-particle_enable=\"false\" data-particle-mobile-disabled=\"false\" class=\"elementor-element elementor-element-9aabc2c e-con-full e-flex e-con e-child\" data-id=\"9aabc2c\" data-element_type=\"container\" data-e-type=\"container\" data-settings=\"{&quot;background_background&quot;:&quot;classic&quot;,&quot;jet_parallax_layout_list&quot;:[]}\">\n\t\t\t\t<div class=\"elementor-element elementor-element-47de7a3 elementor-widget elementor-widget-heading\" data-id=\"47de7a3\" data-element_type=\"widget\" data-e-type=\"widget\" data-widget_type=\"heading.default\">\n\t\t\t\t<div class=\"elementor-widget-container\">\n\t\t\t\t\t<h1 class=\"elementor-heading-title elementor-size-default\">G\u00e4stetisch und Catering<\/h1>\t\t\t\t<\/div>\n\t\t\t\t<\/div>\n\t\t\t\t<div class=\"elementor-element elementor-element-4b38c11 elementor-widget elementor-widget-text-editor\" data-id=\"4b38c11\" data-element_type=\"widget\" data-e-type=\"widget\" data-widget_type=\"text-editor.default\">\n\t\t\t\t<div class=\"elementor-widget-container\">\n\t\t\t\t\t\t\t\t\t<p>Unser K\u00fcchenchef verf\u00fcgt \u00fcber internationale Erfahrung im Dienste renommierter Hotels.<\/p><p>Die Mahlzeiten in der Halb- und Vollpension werden zu festen Zeiten serviert: Fr\u00fchst\u00fcck von 7:00 bis 9:00 Uhr (sonntags 10:00 Uhr), Mittagessen um 12:00 Uhr und Abendessen um 18:45 Uhr.<\/p><p>Notre petit d\u00e9jeuner-buffet est compos\u00e9 de: caf\u00e9, th\u00e9, chocolat, pain, beurre, croissant, confiture maison, fromage, corn-flakes, yoghourt, charcuterie, fruits, jus d&rsquo;orange, jus de pommes et oeufs.<\/p><p>Le repas de midi se compose d&rsquo;une entr\u00e9e, d&rsquo;un plat principal et d&rsquo;un caf\u00e9 ou tisane au choix.<\/p><p>Le repas du soir se compose d&rsquo;un potage, d&rsquo;une salade, d&rsquo;un plat principal et d&rsquo;un caf\u00e9 ou tisane au choix.<\/p><p>La plupart de nos fruits et l\u00e9gumes proviennent de la r\u00e9gion. Nos vins sont achet\u00e9s chez de petits producteurs locaux.<\/p>\t\t\t\t\t\t\t\t<\/div>\n\t\t\t\t<\/div>\n\t\t\t\t<div class=\"elementor-element elementor-element-b207af9 elementor-widget elementor-widget-gallery\" data-id=\"b207af9\" data-element_type=\"widget\" data-e-type=\"widget\" data-settings=\"{&quot;lazyload&quot;:&quot;yes&quot;,&quot;gallery_layout&quot;:&quot;grid&quot;,&quot;columns&quot;:4,&quot;columns_tablet&quot;:2,&quot;columns_mobile&quot;:1,&quot;gap&quot;:{&quot;unit&quot;:&quot;px&quot;,&quot;size&quot;:10,&quot;sizes&quot;:[]},&quot;gap_tablet&quot;:{&quot;unit&quot;:&quot;px&quot;,&quot;size&quot;:10,&quot;sizes&quot;:[]},&quot;gap_mobile&quot;:{&quot;unit&quot;:&quot;px&quot;,&quot;size&quot;:10,&quot;sizes&quot;:[]},&quot;link_to&quot;:&quot;file&quot;,&quot;aspect_ratio&quot;:&quot;3:2&quot;,&quot;overlay_background&quot;:&quot;yes&quot;,&quot;content_hover_animation&quot;:&quot;fade-in&quot;}\" data-widget_type=\"gallery.default\">\n\t\t\t\t<div class=\"elementor-widget-container\">\n\t\t\t\t\t\t\t<div class=\"elementor-gallery__container\">\n\t\t\t\t\t\t\t<a class=\"e-gallery-item elementor-gallery-item elementor-animated-content\" href=\"https:\/\/hotellerie-franciscaine.ch\/wp-content\/uploads\/2024\/12\/brisolee.jpg\" data-elementor-open-lightbox=\"yes\" data-elementor-lightbox-slideshow=\"b207af9\" data-e-action-hash=\"#elementor-action%3Aaction%3Dlightbox%26settings%3DeyJpZCI6MTc4LCJ1cmwiOiJodHRwczpcL1wvaG90ZWxsZXJpZS1mcmFuY2lzY2FpbmUuY2hcL3dwLWNvbnRlbnRcL3VwbG9hZHNcLzIwMjRcLzEyXC9icmlzb2xlZS5qcGciLCJzbGlkZXNob3ciOiJiMjA3YWY5In0%3D\">\n\t\t\t\t\t<div class=\"e-gallery-image elementor-gallery-item__image\" data-thumbnail=\"https:\/\/hotellerie-franciscaine.ch\/wp-content\/uploads\/2024\/12\/brisolee-300x200.jpg\" data-width=\"300\" data-height=\"200\" aria-label=\"\" role=\"img\" ><\/div>\n\t\t\t\t\t\t\t\t\t\t\t<div class=\"elementor-gallery-item__overlay\"><\/div>\n\t\t\t\t\t\t\t\t\t\t\t\t\t\t<\/a>\n\t\t\t\t\t\t\t<a class=\"e-gallery-item elementor-gallery-item elementor-animated-content\" href=\"https:\/\/hotellerie-franciscaine.ch\/wp-content\/uploads\/2024\/12\/plat1-1.jpg\" data-elementor-open-lightbox=\"yes\" data-elementor-lightbox-slideshow=\"b207af9\" data-e-action-hash=\"#elementor-action%3Aaction%3Dlightbox%26settings%3DeyJpZCI6MTc5LCJ1cmwiOiJodHRwczpcL1wvaG90ZWxsZXJpZS1mcmFuY2lzY2FpbmUuY2hcL3dwLWNvbnRlbnRcL3VwbG9hZHNcLzIwMjRcLzEyXC9wbGF0MS0xLmpwZyIsInNsaWRlc2hvdyI6ImIyMDdhZjkifQ%3D%3D\">\n\t\t\t\t\t<div class=\"e-gallery-image elementor-gallery-item__image\" data-thumbnail=\"https:\/\/hotellerie-franciscaine.ch\/wp-content\/uploads\/2024\/12\/plat1-1-300x200.jpg\" data-width=\"300\" data-height=\"200\" aria-label=\"\" role=\"img\" ><\/div>\n\t\t\t\t\t\t\t\t\t\t\t<div class=\"elementor-gallery-item__overlay\"><\/div>\n\t\t\t\t\t\t\t\t\t\t\t\t\t\t<\/a>\n\t\t\t\t\t\t\t<a class=\"e-gallery-item elementor-gallery-item elementor-animated-content\" href=\"https:\/\/hotellerie-franciscaine.ch\/wp-content\/uploads\/2024\/12\/ptd1.jpg\" data-elementor-open-lightbox=\"yes\" data-elementor-lightbox-slideshow=\"b207af9\" data-e-action-hash=\"#elementor-action%3Aaction%3Dlightbox%26settings%3DeyJpZCI6MTgwLCJ1cmwiOiJodHRwczpcL1wvaG90ZWxsZXJpZS1mcmFuY2lzY2FpbmUuY2hcL3dwLWNvbnRlbnRcL3VwbG9hZHNcLzIwMjRcLzEyXC9wdGQxLmpwZyIsInNsaWRlc2hvdyI6ImIyMDdhZjkifQ%3D%3D\">\n\t\t\t\t\t<div class=\"e-gallery-image elementor-gallery-item__image\" data-thumbnail=\"https:\/\/hotellerie-franciscaine.ch\/wp-content\/uploads\/2024\/12\/ptd1-300x200.jpg\" data-width=\"300\" data-height=\"200\" aria-label=\"\" role=\"img\" ><\/div>\n\t\t\t\t\t\t\t\t\t\t\t<div class=\"elementor-gallery-item__overlay\"><\/div>\n\t\t\t\t\t\t\t\t\t\t\t\t\t\t<\/a>\n\t\t\t\t\t\t\t<a class=\"e-gallery-item elementor-gallery-item elementor-animated-content\" href=\"https:\/\/hotellerie-franciscaine.ch\/wp-content\/uploads\/2024\/12\/ptd2.jpg\" data-elementor-open-lightbox=\"yes\" data-elementor-lightbox-slideshow=\"b207af9\" data-e-action-hash=\"#elementor-action%3Aaction%3Dlightbox%26settings%3DeyJpZCI6MTgxLCJ1cmwiOiJodHRwczpcL1wvaG90ZWxsZXJpZS1mcmFuY2lzY2FpbmUuY2hcL3dwLWNvbnRlbnRcL3VwbG9hZHNcLzIwMjRcLzEyXC9wdGQyLmpwZyIsInNsaWRlc2hvdyI6ImIyMDdhZjkifQ%3D%3D\">\n\t\t\t\t\t<div class=\"e-gallery-image elementor-gallery-item__image\" data-thumbnail=\"https:\/\/hotellerie-franciscaine.ch\/wp-content\/uploads\/2024\/12\/ptd2-300x200.jpg\" data-width=\"300\" data-height=\"200\" aria-label=\"\" role=\"img\" ><\/div>\n\t\t\t\t\t\t\t\t\t\t\t<div class=\"elementor-gallery-item__overlay\"><\/div>\n\t\t\t\t\t\t\t\t\t\t\t\t\t\t<\/a>\n\t\t\t\t\t\t\t<a class=\"e-gallery-item elementor-gallery-item elementor-animated-content\" href=\"https:\/\/hotellerie-franciscaine.ch\/wp-content\/uploads\/2024\/12\/ptd4.jpg\" data-elementor-open-lightbox=\"yes\" data-elementor-lightbox-slideshow=\"b207af9\" data-e-action-hash=\"#elementor-action%3Aaction%3Dlightbox%26settings%3DeyJpZCI6MTgyLCJ1cmwiOiJodHRwczpcL1wvaG90ZWxsZXJpZS1mcmFuY2lzY2FpbmUuY2hcL3dwLWNvbnRlbnRcL3VwbG9hZHNcLzIwMjRcLzEyXC9wdGQ0LmpwZyIsInNsaWRlc2hvdyI6ImIyMDdhZjkifQ%3D%3D\">\n\t\t\t\t\t<div class=\"e-gallery-image elementor-gallery-item__image\" data-thumbnail=\"https:\/\/hotellerie-franciscaine.ch\/wp-content\/uploads\/2024\/12\/ptd4-300x188.jpg\" data-width=\"300\" data-height=\"188\" aria-label=\"\" role=\"img\" ><\/div>\n\t\t\t\t\t\t\t\t\t\t\t<div class=\"elementor-gallery-item__overlay\"><\/div>\n\t\t\t\t\t\t\t\t\t\t\t\t\t\t<\/a>\n\t\t\t\t\t\t\t<a class=\"e-gallery-item elementor-gallery-item elementor-animated-content\" href=\"https:\/\/hotellerie-franciscaine.ch\/wp-content\/uploads\/2024\/12\/ptd7.jpg\" data-elementor-open-lightbox=\"yes\" data-elementor-lightbox-slideshow=\"b207af9\" data-e-action-hash=\"#elementor-action%3Aaction%3Dlightbox%26settings%3DeyJpZCI6MTgzLCJ1cmwiOiJodHRwczpcL1wvaG90ZWxsZXJpZS1mcmFuY2lzY2FpbmUuY2hcL3dwLWNvbnRlbnRcL3VwbG9hZHNcLzIwMjRcLzEyXC9wdGQ3LmpwZyIsInNsaWRlc2hvdyI6ImIyMDdhZjkifQ%3D%3D\">\n\t\t\t\t\t<div class=\"e-gallery-image elementor-gallery-item__image\" data-thumbnail=\"https:\/\/hotellerie-franciscaine.ch\/wp-content\/uploads\/2024\/12\/ptd7-300x200.jpg\" data-width=\"300\" data-height=\"200\" aria-label=\"\" role=\"img\" ><\/div>\n\t\t\t\t\t\t\t\t\t\t\t<div class=\"elementor-gallery-item__overlay\"><\/div>\n\t\t\t\t\t\t\t\t\t\t\t\t\t\t<\/a>\n\t\t\t\t\t\t\t<a class=\"e-gallery-item elementor-gallery-item elementor-animated-content\" href=\"https:\/\/hotellerie-franciscaine.ch\/wp-content\/uploads\/2024\/12\/ptd9.jpg\" data-elementor-open-lightbox=\"yes\" data-elementor-lightbox-slideshow=\"b207af9\" data-e-action-hash=\"#elementor-action%3Aaction%3Dlightbox%26settings%3DeyJpZCI6MTg0LCJ1cmwiOiJodHRwczpcL1wvaG90ZWxsZXJpZS1mcmFuY2lzY2FpbmUuY2hcL3dwLWNvbnRlbnRcL3VwbG9hZHNcLzIwMjRcLzEyXC9wdGQ5LmpwZyIsInNsaWRlc2hvdyI6ImIyMDdhZjkifQ%3D%3D\">\n\t\t\t\t\t<div class=\"e-gallery-image elementor-gallery-item__image\" data-thumbnail=\"https:\/\/hotellerie-franciscaine.ch\/wp-content\/uploads\/2024\/12\/ptd9-300x173.jpg\" data-width=\"300\" data-height=\"173\" aria-label=\"\" role=\"img\" ><\/div>\n\t\t\t\t\t\t\t\t\t\t\t<div class=\"elementor-gallery-item__overlay\"><\/div>\n\t\t\t\t\t\t\t\t\t\t\t\t\t\t<\/a>\n\t\t\t\t\t\t\t<a class=\"e-gallery-item elementor-gallery-item elementor-animated-content\" href=\"https:\/\/hotellerie-franciscaine.ch\/wp-content\/uploads\/2024\/12\/ptd15.jpg\" data-elementor-open-lightbox=\"yes\" data-elementor-lightbox-slideshow=\"b207af9\" data-e-action-hash=\"#elementor-action%3Aaction%3Dlightbox%26settings%3DeyJpZCI6MTg1LCJ1cmwiOiJodHRwczpcL1wvaG90ZWxsZXJpZS1mcmFuY2lzY2FpbmUuY2hcL3dwLWNvbnRlbnRcL3VwbG9hZHNcLzIwMjRcLzEyXC9wdGQxNS5qcGciLCJzbGlkZXNob3ciOiJiMjA3YWY5In0%3D\">\n\t\t\t\t\t<div class=\"e-gallery-image elementor-gallery-item__image\" data-thumbnail=\"https:\/\/hotellerie-franciscaine.ch\/wp-content\/uploads\/2024\/12\/ptd15-300x200.jpg\" data-width=\"300\" data-height=\"200\" aria-label=\"\" role=\"img\" ><\/div>\n\t\t\t\t\t\t\t\t\t\t\t<div class=\"elementor-gallery-item__overlay\"><\/div>\n\t\t\t\t\t\t\t\t\t\t\t\t\t\t<\/a>\n\t\t\t\t\t<\/div>\n\t\t\t\t\t<\/div>\n\t\t\t\t<\/div>\n\t\t\t\t<div class=\"elementor-element elementor-element-6400a4b elementor-widget elementor-widget-heading\" data-id=\"6400a4b\" data-element_type=\"widget\" data-e-type=\"widget\" data-widget_type=\"heading.default\">\n\t\t\t\t<div class=\"elementor-widget-container\">\n\t\t\t\t\t<h2 class=\"elementor-heading-title elementor-size-default\">Tarife<\/h2>\t\t\t\t<\/div>\n\t\t\t\t<\/div>\n\t\t\t\t<div class=\"elementor-element elementor-element-9667607 elementor-widget elementor-widget-jet-table\" data-id=\"9667607\" data-element_type=\"widget\" data-e-type=\"widget\" data-widget_type=\"jet-table.default\">\n\t\t\t\t<div class=\"elementor-widget-container\">\n\t\t\t\t\t<div class=\"elementor-jet-table jet-elements\">\n\t\t<div class=\"jet-table-wrapper\">\n\t\t\t<table class=\"jet-table jet-table--fa5-compat\">\n\t\t\t\t<thead class=\"jet-table__head\"><tr class=\"jet-table__head-row\"><th class=\"jet-table__cell elementor-repeater-item-0f1004b jet-table__head-cell\" scope=\"col\"><div class=\"jet-table__cell-inner\"><div class=\"jet-table__cell-content\"><\/div><\/div><\/th><th class=\"jet-table__cell elementor-repeater-item-8c04602 jet-table__head-cell\" scope=\"col\"><div class=\"jet-table__cell-inner\"><div class=\"jet-table__cell-content\"><div class=\"jet-table__cell-text\">\tErwachsene ab 13 Jahren<\/div><\/div><\/div><\/th><\/tr><\/thead>\n\t\t\t\t\t\t\t\t<tbody class=\"jet-table__body\"><tr class=\"jet-table__body-row elementor-repeater-item-3fca1f8\"><td class=\"jet-table__cell elementor-repeater-item-ed1a179 jet-table__body-cell\"><div class=\"jet-table__cell-inner\"><div class=\"jet-table__cell-content\"><div class=\"jet-table__cell-text\">Fr\u00fchst\u00fcck<\/div><\/div><\/div><\/td><td class=\"jet-table__cell elementor-repeater-item-e5fcaa6 jet-table__body-cell\"><div class=\"jet-table__cell-inner\"><div class=\"jet-table__cell-content\"><div class=\"jet-table__cell-text\">CHF 15.-<\/div><\/div><\/div><\/td><\/tr><tr class=\"jet-table__body-row elementor-repeater-item-81d6953\"><td class=\"jet-table__cell elementor-repeater-item-bdd9154 jet-table__body-cell\"><div class=\"jet-table__cell-inner\"><div class=\"jet-table__cell-content\"><div class=\"jet-table__cell-text\">Mittagessen<\/div><\/div><\/div><\/td><td class=\"jet-table__cell elementor-repeater-item-a17e20e jet-table__body-cell\"><div class=\"jet-table__cell-inner\"><div class=\"jet-table__cell-content\"><div class=\"jet-table__cell-text\">CHF 25.-<\/div><\/div><\/div><\/td><\/tr><tr class=\"jet-table__body-row elementor-repeater-item-bb1db90\"><td class=\"jet-table__cell elementor-repeater-item-3ac4d00 jet-table__body-cell\"><div class=\"jet-table__cell-inner\"><div class=\"jet-table__cell-content\"><div class=\"jet-table__cell-text\">Repas du soir<\/div><\/div><\/div><\/td><td class=\"jet-table__cell elementor-repeater-item-e3e8cec jet-table__body-cell\"><div class=\"jet-table__cell-inner\"><div class=\"jet-table__cell-content\"><div class=\"jet-table__cell-text\">CHF 22.-<\/div><\/div><\/div><\/td><\/tr><tr class=\"jet-table__body-row elementor-repeater-item-ecd9f6e\"><td class=\"jet-table__cell elementor-repeater-item-37b9494 jet-table__body-cell\"><div class=\"jet-table__cell-inner\"><div class=\"jet-table__cell-content\"><div class=\"jet-table__cell-text\">Suppl\u00e9ment pour r\u00e9gimes et menus sp\u00e9ciaux<\/div><\/div><\/div><\/td><\/tr><tr class=\"jet-table__body-row elementor-repeater-item-fab9fe4\"><td class=\"jet-table__cell elementor-repeater-item-9dbabab jet-table__body-cell\" colspan=\"3\"><div class=\"jet-table__cell-inner\"><div class=\"jet-table__cell-content\"><div class=\"jet-table__cell-text\"> &#8211;<\/div><\/div><\/div><\/td><\/tr><tr class=\"jet-table__body-row elementor-repeater-item-8e98c50\"><td class=\"jet-table__cell elementor-repeater-item-f7812e7 jet-table__body-cell\"><div class=\"jet-table__cell-inner\"><div class=\"jet-table__cell-content\"><div class=\"jet-table__cell-text\">Pique-nique<\/div><\/div><\/div><\/td><td class=\"jet-table__cell elementor-repeater-item-3c4c218 jet-table__body-cell\" colspan=\"2\"><div class=\"jet-table__cell-inner\"><div class=\"jet-table__cell-content\"><div class=\"jet-table__cell-text\">CHF 15.-<\/div><\/div><\/div><\/td><\/tr><tr class=\"jet-table__body-row elementor-repeater-item-4d65d46\"><td class=\"jet-table__cell elementor-repeater-item-6384ff6 jet-table__body-cell\"><div class=\"jet-table__cell-inner\"><div class=\"jet-table__cell-content\"><div class=\"jet-table__cell-text\">Pause : th\u00e9, caf\u00e9, biscuits, pommes<\/div><\/div><\/div><\/td><td class=\"jet-table__cell elementor-repeater-item-b59555d jet-table__body-cell\" colspan=\"2\"><div class=\"jet-table__cell-inner\"><div class=\"jet-table__cell-content\"><div class=\"jet-table__cell-text\">CHF 5.-<\/div><\/div><\/div><\/td><\/tr><tr class=\"jet-table__body-row elementor-repeater-item-6a5e41c\"><td class=\"jet-table__cell elementor-repeater-item-639a1d7 jet-table__body-cell\" colspan=\"3\"><div class=\"jet-table__cell-inner\"><div class=\"jet-table__cell-content\"><div class=\"jet-table__cell-text\"> &#8211;<\/div><\/div><\/div><\/td><\/tr><tr class=\"jet-table__body-row elementor-repeater-item-b1649d7\"><td class=\"jet-table__cell elementor-repeater-item-21590fe jet-table__body-cell\"><div class=\"jet-table__cell-inner\"><div class=\"jet-table__cell-content\"><div class=\"jet-table__cell-text\">Caf\u00e9, th\u00e9, infusion<\/div><\/div><\/div><\/td><td class=\"jet-table__cell elementor-repeater-item-fc6838d jet-table__body-cell\" colspan=\"2\"><div class=\"jet-table__cell-inner\"><div class=\"jet-table__cell-content\"><div class=\"jet-table__cell-text\">CHF 3.-<\/div><\/div><\/div><\/td><\/tr><tr class=\"jet-table__body-row elementor-repeater-item-e4043c7\"><td class=\"jet-table__cell elementor-repeater-item-ec31a1e jet-table__body-cell\"><div class=\"jet-table__cell-inner\"><div class=\"jet-table__cell-content\"><div class=\"jet-table__cell-text\">Vin<\/div><\/div><\/div><\/td><td class=\"jet-table__cell elementor-repeater-item-fab08fe jet-table__body-cell\" colspan=\"2\"><div class=\"jet-table__cell-inner\"><div class=\"jet-table__cell-content\"><div class=\"jet-table__cell-text\">selon liste<\/div><\/div><\/div><\/td><\/tr><\/tbody>\n\t\t\t<\/table>\n\t\t<\/div>\n\n\t\t<\/div>\t\t\t\t<\/div>\n\t\t\t\t<\/div>\n\t\t\t\t<div class=\"elementor-element elementor-element-43c1922 elementor-widget elementor-widget-heading\" data-id=\"43c1922\" data-element_type=\"widget\" data-e-type=\"widget\" data-widget_type=\"heading.default\">\n\t\t\t\t<div class=\"elementor-widget-container\">\n\t\t\t\t\t<h2 class=\"elementor-heading-title elementor-size-default\">Restaurants in der N\u00e4he<\/h2>\t\t\t\t<\/div>\n\t\t\t\t<\/div>\n\t\t\t\t<div class=\"elementor-element elementor-element-e0d334c elementor-widget elementor-widget-text-editor\" data-id=\"e0d334c\" data-element_type=\"widget\" data-e-type=\"widget\" data-widget_type=\"text-editor.default\">\n\t\t\t\t<div class=\"elementor-widget-container\">\n\t\t\t\t\t\t\t\t\t<p>Wir befinden uns in der Stadt St-Maurice. Viele Restaurants und Gesch\u00e4fte sind in wenigen Minuten zu Fu\u00df erreichbar.<\/p>\t\t\t\t\t\t\t\t<\/div>\n\t\t\t\t<\/div>\n\t\t\t\t<\/div>\n\t\t\t\t\t<\/div>\n\t\t\t\t<\/div>\n\t\t<div data-particle_enable=\"false\" data-particle-mobile-disabled=\"false\" class=\"elementor-element elementor-element-6d87c0f e-flex e-con-boxed e-con e-parent\" data-id=\"6d87c0f\" data-element_type=\"container\" data-e-type=\"container\" data-settings=\"{&quot;jet_parallax_layout_list&quot;:[]}\">\n\t\t\t\t\t<div class=\"e-con-inner\">\n\t\t\t\t\t<\/div>\n\t\t\t\t<\/div>\n\t\t\t\t<\/div>","protected":false},"excerpt":{"rendered":"<p>Table d\u2019h\u00f4tes et restauration Notre chef de cuisine est au b\u00e9n\u00e9fice d&rsquo;une exp\u00e9rience internationale au service d&rsquo;h\u00f4tels r\u00e9put\u00e9s. Les repas en demi-pension et en pension compl\u00e8te sont servis \u00e0 heures fixes : petit d\u00e9jeuner de 7h \u00e0 9h (10h le dimanche), repas de midi \u00e0 12h et repas du soir \u00e0 18h45. Notre petit d\u00e9jeuner-buffet [&hellip;]<\/p>\n","protected":false},"author":1,"featured_media":0,"parent":0,"menu_order":0,"comment_status":"closed","ping_status":"closed","template":"","meta":{"_seopress_robots_primary_cat":"","_seopress_titles_title":"","_seopress_titles_desc":"","_seopress_robots_index":"","footnotes":""},"affichage":[],"class_list":["post-99","page","type-page","status-publish","hentry"],"_links":{"self":[{"href":"https:\/\/hotellerie-franciscaine.ch\/de\/wp-json\/wp\/v2\/pages\/99","targetHints":{"allow":["GET"]}}],"collection":[{"href":"https:\/\/hotellerie-franciscaine.ch\/de\/wp-json\/wp\/v2\/pages"}],"about":[{"href":"https:\/\/hotellerie-franciscaine.ch\/de\/wp-json\/wp\/v2\/types\/page"}],"author":[{"embeddable":true,"href":"https:\/\/hotellerie-franciscaine.ch\/de\/wp-json\/wp\/v2\/users\/1"}],"replies":[{"embeddable":true,"href":"https:\/\/hotellerie-franciscaine.ch\/de\/wp-json\/wp\/v2\/comments?post=99"}],"version-history":[{"count":37,"href":"https:\/\/hotellerie-franciscaine.ch\/de\/wp-json\/wp\/v2\/pages\/99\/revisions"}],"predecessor-version":[{"id":7955,"href":"https:\/\/hotellerie-franciscaine.ch\/de\/wp-json\/wp\/v2\/pages\/99\/revisions\/7955"}],"wp:attachment":[{"href":"https:\/\/hotellerie-franciscaine.ch\/de\/wp-json\/wp\/v2\/media?parent=99"}],"wp:term":[{"taxonomy":"affichage","embeddable":true,"href":"https:\/\/hotellerie-franciscaine.ch\/de\/wp-json\/wp\/v2\/affichage?post=99"}],"curies":[{"name":"wp","href":"https:\/\/api.w.org\/{rel}","templated":true}]}}