{"id":103,"date":"2024-12-24T08:26:12","date_gmt":"2024-12-24T07:26:12","guid":{"rendered":"https:\/\/2024.hotellerie-franciscaine.ch\/?page_id=103"},"modified":"2025-04-15T17:05:38","modified_gmt":"2025-04-15T15:05:38","slug":"reserver","status":"publish","type":"page","link":"https:\/\/hotellerie-franciscaine.ch\/de\/reserver\/","title":{"rendered":"Buchen"},"content":{"rendered":"\t\t<div data-elementor-type=\"wp-page\" data-elementor-id=\"103\" class=\"elementor elementor-103\" data-elementor-post-type=\"page\">\n\t\t\t\t<div data-particle_enable=\"false\" data-particle-mobile-disabled=\"false\" class=\"elementor-element elementor-element-47b8216 e-flex e-con-boxed e-con e-parent\" data-id=\"47b8216\" data-element_type=\"container\" data-e-type=\"container\" data-settings=\"{&quot;background_background&quot;:&quot;classic&quot;,&quot;jet_parallax_layout_list&quot;:[]}\">\n\t\t\t\t\t<div class=\"e-con-inner\">\n\t\t\t\t\t<\/div>\n\t\t\t\t<\/div>\n\t\t<div data-particle_enable=\"false\" data-particle-mobile-disabled=\"false\" class=\"elementor-element elementor-element-a358c66 e-flex e-con-boxed e-con e-parent\" data-id=\"a358c66\" data-element_type=\"container\" data-e-type=\"container\" data-settings=\"{&quot;jet_parallax_layout_list&quot;:[]}\">\n\t\t\t\t\t<div class=\"e-con-inner\">\n\t\t<div data-particle_enable=\"false\" data-particle-mobile-disabled=\"false\" class=\"elementor-element elementor-element-58bdd5e e-con-full e-flex e-con e-child\" data-id=\"58bdd5e\" data-element_type=\"container\" data-e-type=\"container\" data-settings=\"{&quot;background_background&quot;:&quot;classic&quot;,&quot;jet_parallax_layout_list&quot;:[]}\">\n\t\t\t\t<div class=\"elementor-element elementor-element-a499cbe elementor-widget elementor-widget-html\" data-id=\"a499cbe\" data-element_type=\"widget\" data-e-type=\"widget\" data-widget_type=\"html.default\">\n\t\t\t\t<div class=\"elementor-widget-container\">\n\t\t\t\t\t<script>\r\n!function(t,e,n,s){t[\"kbe-widgets\"]=s,t[s]=t[s]||new Proxy({q:[]},{get:(e,n)=>n in e?e[n]:function(e){t[s].q.push([n,e])}});const o=e.createElement(n),r=e.getElementsByTagName(n)[0];o.id=s,o.src=\"https:\/\/widget-bf.seekda.com\/loader.js\",o.async=1,r.parentNode.insertBefore(o,r)}(window,document,\"script\",\"__KBE\");\r\n\r\n__KBE.settings({\r\n    \"propertyCode\": \"CH_VS_0272\",\r\n    \"id\": \"BOOKINGWIDGET\"\r\n});\r\n__KBE.searchbar({\r\n    \"id\": \"BOOKINGWIDGET\"\r\n});\r\n__KBE.rates({\r\n    \"id\": \"BOOKINGWIDGET\"\r\n});\r\n__KBE.offers({\r\n    \"id\": \"BOOKINGWIDGET\"\r\n});\r\n<\/script>\r\n\r\n\t\t\t\t<\/div>\n\t\t\t\t<\/div>\n\t\t\t\t<div class=\"elementor-element elementor-element-35c6689 elementor-widget elementor-widget-heading\" data-id=\"35c6689\" data-element_type=\"widget\" data-e-type=\"widget\" data-widget_type=\"heading.default\">\n\t\t\t\t<div class=\"elementor-widget-container\">\n\t\t\t\t\t<h1 class=\"elementor-heading-title elementor-size-default\">R\u00e9server votre chambre<\/h1>\t\t\t\t<\/div>\n\t\t\t\t<\/div>\n\t\t\t\t<div class=\"elementor-element elementor-element-111e2fc elementor-widget elementor-widget-text-editor\" data-id=\"111e2fc\" data-element_type=\"widget\" data-e-type=\"widget\" data-widget_type=\"text-editor.default\">\n\t\t\t\t<div class=\"elementor-widget-container\">\n\t\t\t\t\t\t\t\t\tPour changer les dates de voyage, s\u00e9lectionner la date de votre arriv\u00e9e et la date de votre d\u00e9part dans le calendrier.\t\t\t\t\t\t\t\t<\/div>\n\t\t\t\t<\/div>\n\t\t\t\t<div class=\"elementor-element elementor-element-5e8d0d4 elementor-widget elementor-widget-html\" data-id=\"5e8d0d4\" data-element_type=\"widget\" data-e-type=\"widget\" data-widget_type=\"html.default\">\n\t\t\t\t<div class=\"elementor-widget-container\">\n\t\t\t\t\t<div data-kbe-searchbar=\"BOOKINGWIDGET\"><\/div>\r\n<br><br>\r\n<div data-kbe-rates=\"BOOKINGWIDGET\"><\/div>\r\n<br><br>\r\n<div data-kbe-offers=\"BOOKINGWIDGET\"><\/div>\t\t\t\t<\/div>\n\t\t\t\t<\/div>\n\t\t\t\t<\/div>\n\t\t\t\t\t<\/div>\n\t\t\t\t<\/div>\n\t\t\t\t<\/div>\n\t\t","protected":false},"excerpt":{"rendered":"<p>R\u00e9server votre chambre Pour changer les dates de voyage, s\u00e9lectionner la date de votre arriv\u00e9e et la date de votre d\u00e9part dans le calendrier.<\/p>","protected":false},"author":1,"featured_media":0,"parent":0,"menu_order":0,"comment_status":"closed","ping_status":"closed","template":"","meta":{"_seopress_robots_primary_cat":"","_seopress_titles_title":"","_seopress_titles_desc":"","_seopress_robots_index":"","footnotes":""},"affichage":[],"class_list":["post-103","page","type-page","status-publish","hentry"],"_links":{"self":[{"href":"https:\/\/hotellerie-franciscaine.ch\/de\/wp-json\/wp\/v2\/pages\/103","targetHints":{"allow":["GET"]}}],"collection":[{"href":"https:\/\/hotellerie-franciscaine.ch\/de\/wp-json\/wp\/v2\/pages"}],"about":[{"href":"https:\/\/hotellerie-franciscaine.ch\/de\/wp-json\/wp\/v2\/types\/page"}],"author":[{"embeddable":true,"href":"https:\/\/hotellerie-franciscaine.ch\/de\/wp-json\/wp\/v2\/users\/1"}],"replies":[{"embeddable":true,"href":"https:\/\/hotellerie-franciscaine.ch\/de\/wp-json\/wp\/v2\/comments?post=103"}],"version-history":[{"count":52,"href":"https:\/\/hotellerie-franciscaine.ch\/de\/wp-json\/wp\/v2\/pages\/103\/revisions"}],"predecessor-version":[{"id":3222,"href":"https:\/\/hotellerie-franciscaine.ch\/de\/wp-json\/wp\/v2\/pages\/103\/revisions\/3222"}],"wp:attachment":[{"href":"https:\/\/hotellerie-franciscaine.ch\/de\/wp-json\/wp\/v2\/media?parent=103"}],"wp:term":[{"taxonomy":"affichage","embeddable":true,"href":"https:\/\/hotellerie-franciscaine.ch\/de\/wp-json\/wp\/v2\/affichage?post=103"}],"curies":[{"name":"wp","href":"https:\/\/api.w.org\/{rel}","templated":true}]}}