{"id":101,"date":"2024-12-24T08:25:44","date_gmt":"2024-12-24T07:25:44","guid":{"rendered":"https:\/\/2024.hotellerie-franciscaine.ch\/?page_id=101"},"modified":"2025-01-06T09:13:09","modified_gmt":"2025-01-06T08:13:09","slug":"infos-pratiques","status":"publish","type":"page","link":"https:\/\/hotellerie-franciscaine.ch\/de\/infos-pratiques\/","title":{"rendered":"Praktische Infos"},"content":{"rendered":"\t\t<div data-elementor-type=\"wp-page\" data-elementor-id=\"101\" class=\"elementor elementor-101\" data-elementor-post-type=\"page\">\n\t\t\t\t<div data-particle_enable=\"false\" data-particle-mobile-disabled=\"false\" class=\"elementor-element elementor-element-0129c44 e-flex e-con-boxed e-con e-parent\" data-id=\"0129c44\" data-element_type=\"container\" data-e-type=\"container\" data-settings=\"{&quot;jet_parallax_layout_list&quot;:[]}\">\n\t\t\t\t\t<div class=\"e-con-inner\">\n\t\t\t\t<div class=\"elementor-element elementor-element-df4b828 elementor-widget elementor-widget-heading\" data-id=\"df4b828\" data-element_type=\"widget\" data-e-type=\"widget\" data-widget_type=\"heading.default\">\n\t\t\t\t<div class=\"elementor-widget-container\">\n\t\t\t\t\t<h1 class=\"elementor-heading-title elementor-size-default\">Infos pratiques<\/h1>\t\t\t\t<\/div>\n\t\t\t\t<\/div>\n\t\t\t\t<div class=\"elementor-element elementor-element-a9abc9e elementor-widget elementor-widget-jet-listing-grid\" data-id=\"a9abc9e\" data-element_type=\"widget\" data-e-type=\"widget\" data-settings=\"{&quot;columns&quot;:&quot;4&quot;}\" data-widget_type=\"jet-listing-grid.default\">\n\t\t\t\t<div class=\"elementor-widget-container\">\n\t\t\t\t\t<div class=\"jet-listing-grid jet-listing\"><div class=\"jet-listing-grid__items grid-col-desk-4 grid-col-tablet-4 grid-col-mobile-4 jet-listing-grid--47 jet-listing-grid__masonry\" data-masonry-grid-options=\"{&quot;columns&quot;:{&quot;desktop&quot;:4,&quot;tablet&quot;:4,&quot;mobile&quot;:4}}\" data-queried-id=\"101|WP_Post\" data-nav=\"{&quot;enabled&quot;:false,&quot;type&quot;:null,&quot;more_el&quot;:null,&quot;query&quot;:[],&quot;widget_settings&quot;:{&quot;lisitng_id&quot;:47,&quot;posts_num&quot;:6,&quot;columns&quot;:4,&quot;columns_tablet&quot;:4,&quot;columns_mobile&quot;:4,&quot;column_min_width&quot;:240,&quot;column_min_width_tablet&quot;:240,&quot;column_min_width_mobile&quot;:240,&quot;inline_columns_css&quot;:false,&quot;is_archive_template&quot;:&quot;&quot;,&quot;post_status&quot;:[&quot;publish&quot;],&quot;use_random_posts_num&quot;:&quot;&quot;,&quot;max_posts_num&quot;:9,&quot;not_found_message&quot;:&quot;No data was found&quot;,&quot;is_masonry&quot;:true,&quot;equal_columns_height&quot;:&quot;&quot;,&quot;use_load_more&quot;:&quot;&quot;,&quot;load_more_id&quot;:&quot;&quot;,&quot;load_more_type&quot;:&quot;click&quot;,&quot;load_more_offset&quot;:null,&quot;use_custom_post_types&quot;:&quot;&quot;,&quot;custom_post_types&quot;:[],&quot;hide_widget_if&quot;:&quot;&quot;,&quot;carousel_enabled&quot;:&quot;&quot;,&quot;slides_to_scroll&quot;:&quot;1&quot;,&quot;arrows&quot;:&quot;true&quot;,&quot;arrow_icon&quot;:&quot;fa fa-angle-left&quot;,&quot;dots&quot;:&quot;&quot;,&quot;autoplay&quot;:&quot;true&quot;,&quot;pause_on_hover&quot;:&quot;true&quot;,&quot;autoplay_speed&quot;:5000,&quot;infinite&quot;:&quot;true&quot;,&quot;center_mode&quot;:&quot;&quot;,&quot;effect&quot;:&quot;slide&quot;,&quot;speed&quot;:500,&quot;inject_alternative_items&quot;:&quot;&quot;,&quot;injection_items&quot;:[],&quot;scroll_slider_enabled&quot;:&quot;&quot;,&quot;scroll_slider_on&quot;:[&quot;desktop&quot;,&quot;tablet&quot;,&quot;mobile&quot;],&quot;custom_query&quot;:false,&quot;custom_query_id&quot;:&quot;&quot;,&quot;_element_id&quot;:&quot;&quot;,&quot;collapse_first_last_gap&quot;:false,&quot;list_tag_selection&quot;:&quot;&quot;,&quot;list_items_wrapper_tag&quot;:&quot;div&quot;,&quot;list_item_tag&quot;:&quot;div&quot;,&quot;empty_items_wrapper_tag&quot;:&quot;div&quot;}}\" data-page=\"1\" data-pages=\"1\" data-listing-source=\"posts\" data-listing-id=\"47\" data-query-id=\"\"><div class=\"jet-listing-grid__item jet-listing-dynamic-post-317\" data-post-id=\"317\"  >\t\t<div data-elementor-type=\"jet-listing-items\" data-elementor-id=\"47\" class=\"elementor elementor-47\" data-elementor-post-type=\"jet-engine\">\n\t\t\t\t<div data-particle_enable=\"false\" data-particle-mobile-disabled=\"false\" class=\"elementor-element elementor-element-411a861 e-flex e-con-boxed e-con e-parent\" data-id=\"411a861\" data-element_type=\"container\" data-e-type=\"container\" data-settings=\"{&quot;background_background&quot;:&quot;classic&quot;,&quot;jet_parallax_layout_list&quot;:[]}\">\n\t\t\t\t\t<div class=\"e-con-inner\">\n\t\t\t\t<div class=\"elementor-element elementor-element-567cfd5 elementor-widget elementor-widget-image\" data-id=\"567cfd5\" data-element_type=\"widget\" data-e-type=\"widget\" data-widget_type=\"image.default\">\n\t\t\t\t<div class=\"elementor-widget-container\">\n\t\t\t\t\t\t\t\t\t\t\t\t\t\t\t<img fetchpriority=\"high\" decoding=\"async\" width=\"300\" height=\"225\" src=\"https:\/\/hotellerie-franciscaine.ch\/wp-content\/uploads\/2025\/01\/borne-recharge1-300x225.jpg\" class=\"attachment-medium size-medium wp-image-318\" alt=\"\" srcset=\"https:\/\/hotellerie-franciscaine.ch\/wp-content\/uploads\/2025\/01\/borne-recharge1-300x225.jpg 300w, https:\/\/hotellerie-franciscaine.ch\/wp-content\/uploads\/2025\/01\/borne-recharge1-1024x767.jpg 1024w, https:\/\/hotellerie-franciscaine.ch\/wp-content\/uploads\/2025\/01\/borne-recharge1-768x575.jpg 768w, https:\/\/hotellerie-franciscaine.ch\/wp-content\/uploads\/2025\/01\/borne-recharge1.jpg 1130w\" sizes=\"(max-width: 300px) 100vw, 300px\" \/>\t\t\t\t\t\t\t\t\t\t\t\t\t\t\t<\/div>\n\t\t\t\t<\/div>\n\t\t\t\t<div class=\"elementor-element elementor-element-3face0f elementor-widget elementor-widget-heading\" data-id=\"3face0f\" data-element_type=\"widget\" data-e-type=\"widget\" data-widget_type=\"heading.default\">\n\t\t\t\t<div class=\"elementor-widget-container\">\n\t\t\t\t\t<h3 class=\"elementor-heading-title elementor-size-default\">Station de recharge pour voitures \u00e9lectriques<\/h3>\t\t\t\t<\/div>\n\t\t\t\t<\/div>\n\t\t\t\t<div class=\"elementor-element elementor-element-d2bbdc0 elementor-widget elementor-widget-text-editor\" data-id=\"d2bbdc0\" data-element_type=\"widget\" data-e-type=\"widget\" data-widget_type=\"text-editor.default\">\n\t\t\t\t<div class=\"elementor-widget-container\">\n\t\t\t\t\t\t\t\t\t<p>Nous disposons maintenant de 3 Stations de recharge Keba (prise de type 2) pour v\u00e9hicules \u00e9lectriques !<\/p>\n\t\t\t\t\t\t\t\t<\/div>\n\t\t\t\t<\/div>\n\t\t\t\t\t<\/div>\n\t\t\t\t<\/div>\n\t\t\t\t<\/div>\n\t\t<\/div><div class=\"jet-listing-grid__item jet-listing-dynamic-post-314\" data-post-id=\"314\"  >\t\t<div data-elementor-type=\"jet-listing-items\" data-elementor-id=\"47\" class=\"elementor elementor-47\" data-elementor-post-type=\"jet-engine\">\n\t\t\t\t<div data-particle_enable=\"false\" data-particle-mobile-disabled=\"false\" class=\"elementor-element elementor-element-411a861 e-flex e-con-boxed e-con e-parent\" data-id=\"411a861\" data-element_type=\"container\" data-e-type=\"container\" data-settings=\"{&quot;background_background&quot;:&quot;classic&quot;,&quot;jet_parallax_layout_list&quot;:[]}\">\n\t\t\t\t\t<div class=\"e-con-inner\">\n\t\t\t\t<div class=\"elementor-element elementor-element-567cfd5 elementor-widget elementor-widget-image\" data-id=\"567cfd5\" data-element_type=\"widget\" data-e-type=\"widget\" data-widget_type=\"image.default\">\n\t\t\t\t<div class=\"elementor-widget-container\">\n\t\t\t\t\t\t\t\t\t\t\t\t\t\t\t<img decoding=\"async\" width=\"300\" height=\"200\" src=\"https:\/\/hotellerie-franciscaine.ch\/wp-content\/uploads\/2025\/01\/jardin-grand-300x200.jpg\" class=\"attachment-medium size-medium wp-image-315\" alt=\"\" srcset=\"https:\/\/hotellerie-franciscaine.ch\/wp-content\/uploads\/2025\/01\/jardin-grand-300x200.jpg 300w, https:\/\/hotellerie-franciscaine.ch\/wp-content\/uploads\/2025\/01\/jardin-grand-1024x682.jpg 1024w, https:\/\/hotellerie-franciscaine.ch\/wp-content\/uploads\/2025\/01\/jardin-grand-768x512.jpg 768w, https:\/\/hotellerie-franciscaine.ch\/wp-content\/uploads\/2025\/01\/jardin-grand.jpg 1130w\" sizes=\"(max-width: 300px) 100vw, 300px\" \/>\t\t\t\t\t\t\t\t\t\t\t\t\t\t\t<\/div>\n\t\t\t\t<\/div>\n\t\t\t\t<div class=\"elementor-element elementor-element-3face0f elementor-widget elementor-widget-heading\" data-id=\"3face0f\" data-element_type=\"widget\" data-e-type=\"widget\" data-widget_type=\"heading.default\">\n\t\t\t\t<div class=\"elementor-widget-container\">\n\t\t\t\t\t<h3 class=\"elementor-heading-title elementor-size-default\">Jardin et parking<\/h3>\t\t\t\t<\/div>\n\t\t\t\t<\/div>\n\t\t\t\t<div class=\"elementor-element elementor-element-d2bbdc0 elementor-widget elementor-widget-text-editor\" data-id=\"d2bbdc0\" data-element_type=\"widget\" data-e-type=\"widget\" data-widget_type=\"text-editor.default\">\n\t\t\t\t<div class=\"elementor-widget-container\">\n\t\t\t\t\t\t\t\t\t<p>Nos h\u00f4tes peuvent profiter de notre grand jardin. Grande terrasse ext\u00e9rieure. Grand parking priv\u00e9 gratuit&nbsp;\u00e0 disposition (Chemin des Cond\u00e9mines). Place de parc gratuite pour un autocar devant l&rsquo;entr\u00e9e&nbsp;(Rue Antoine-de-Quart\u00e9ry 1). Place de parc gratuite pour personne \u00e0 mobilit\u00e9 r\u00e9duite devant l&rsquo;entr\u00e9e&nbsp;&nbsp;(Rue Antoine-de-Quart\u00e9ry 1).<\/p>\n\t\t\t\t\t\t\t\t<\/div>\n\t\t\t\t<\/div>\n\t\t\t\t\t<\/div>\n\t\t\t\t<\/div>\n\t\t\t\t<\/div>\n\t\t<\/div><div class=\"jet-listing-grid__item jet-listing-dynamic-post-295\" data-post-id=\"295\"  >\t\t<div data-elementor-type=\"jet-listing-items\" data-elementor-id=\"47\" class=\"elementor elementor-47\" data-elementor-post-type=\"jet-engine\">\n\t\t\t\t<div data-particle_enable=\"false\" data-particle-mobile-disabled=\"false\" class=\"elementor-element elementor-element-411a861 e-flex e-con-boxed e-con e-parent\" data-id=\"411a861\" data-element_type=\"container\" data-e-type=\"container\" data-settings=\"{&quot;background_background&quot;:&quot;classic&quot;,&quot;jet_parallax_layout_list&quot;:[]}\">\n\t\t\t\t\t<div class=\"e-con-inner\">\n\t\t\t\t<div class=\"elementor-element elementor-element-567cfd5 elementor-widget elementor-widget-image\" data-id=\"567cfd5\" data-element_type=\"widget\" data-e-type=\"widget\" data-widget_type=\"image.default\">\n\t\t\t\t<div class=\"elementor-widget-container\">\n\t\t\t\t\t\t\t\t\t\t\t\t\t\t\t<img decoding=\"async\" width=\"300\" height=\"81\" src=\"https:\/\/hotellerie-franciscaine.ch\/wp-content\/uploads\/2025\/01\/passagaune-300x81.jpg\" class=\"attachment-medium size-medium wp-image-293\" alt=\"\" srcset=\"https:\/\/hotellerie-franciscaine.ch\/wp-content\/uploads\/2025\/01\/passagaune-300x81.jpg 300w, https:\/\/hotellerie-franciscaine.ch\/wp-content\/uploads\/2025\/01\/passagaune.jpg 639w\" sizes=\"(max-width: 300px) 100vw, 300px\" \/>\t\t\t\t\t\t\t\t\t\t\t\t\t\t\t<\/div>\n\t\t\t\t<\/div>\n\t\t\t\t<div class=\"elementor-element elementor-element-3face0f elementor-widget elementor-widget-heading\" data-id=\"3face0f\" data-element_type=\"widget\" data-e-type=\"widget\" data-widget_type=\"heading.default\">\n\t\t\t\t<div class=\"elementor-widget-container\">\n\t\t\t\t\t<h3 class=\"elementor-heading-title elementor-size-default\">Pass&rsquo;Agaune<\/h3>\t\t\t\t<\/div>\n\t\t\t\t<\/div>\n\t\t\t\t<div class=\"elementor-element elementor-element-d2bbdc0 elementor-widget elementor-widget-text-editor\" data-id=\"d2bbdc0\" data-element_type=\"widget\" data-e-type=\"widget\" data-widget_type=\"text-editor.default\">\n\t\t\t\t<div class=\"elementor-widget-container\">\n\t\t\t\t\t\t\t\t\t<p>Vous s\u00e9journez \u00e0 Saint-Maurice ou Lavey ? Demandez le Pass&rsquo;Agaune et partez \u00e0 la d\u00e9couverte des richesses touristiques et culturelles de Saint-Maurice et ses environs ! En savoir plus<\/p>\n\t\t\t\t\t\t\t\t<\/div>\n\t\t\t\t<\/div>\n\t\t\t\t\t<\/div>\n\t\t\t\t<\/div>\n\t\t\t\t<\/div>\n\t\t<\/div><div class=\"jet-listing-grid__item jet-listing-dynamic-post-291\" data-post-id=\"291\"  >\t\t<div data-elementor-type=\"jet-listing-items\" data-elementor-id=\"47\" class=\"elementor elementor-47\" data-elementor-post-type=\"jet-engine\">\n\t\t\t\t<div data-particle_enable=\"false\" data-particle-mobile-disabled=\"false\" class=\"elementor-element elementor-element-411a861 e-flex e-con-boxed e-con e-parent\" data-id=\"411a861\" data-element_type=\"container\" data-e-type=\"container\" data-settings=\"{&quot;background_background&quot;:&quot;classic&quot;,&quot;jet_parallax_layout_list&quot;:[]}\">\n\t\t\t\t\t<div class=\"e-con-inner\">\n\t\t\t\t<div class=\"elementor-element elementor-element-567cfd5 elementor-widget elementor-widget-image\" data-id=\"567cfd5\" data-element_type=\"widget\" data-e-type=\"widget\" data-widget_type=\"image.default\">\n\t\t\t\t<div class=\"elementor-widget-container\">\n\t\t\t\t\t\t\t\t\t\t\t\t\t\t\t<img loading=\"lazy\" decoding=\"async\" width=\"300\" height=\"200\" src=\"https:\/\/hotellerie-franciscaine.ch\/wp-content\/uploads\/2025\/01\/randonneur-grand-300x200.jpg\" class=\"attachment-medium size-medium wp-image-294\" alt=\"\" srcset=\"https:\/\/hotellerie-franciscaine.ch\/wp-content\/uploads\/2025\/01\/randonneur-grand-300x200.jpg 300w, https:\/\/hotellerie-franciscaine.ch\/wp-content\/uploads\/2025\/01\/randonneur-grand.jpg 424w\" sizes=\"(max-width: 300px) 100vw, 300px\" \/>\t\t\t\t\t\t\t\t\t\t\t\t\t\t\t<\/div>\n\t\t\t\t<\/div>\n\t\t\t\t<div class=\"elementor-element elementor-element-3face0f elementor-widget elementor-widget-heading\" data-id=\"3face0f\" data-element_type=\"widget\" data-e-type=\"widget\" data-widget_type=\"heading.default\">\n\t\t\t\t<div class=\"elementor-widget-container\">\n\t\t\t\t\t<h3 class=\"elementor-heading-title elementor-size-default\">Randonneurs, cyclistes et autres sportifs&#8230;<\/h3>\t\t\t\t<\/div>\n\t\t\t\t<\/div>\n\t\t\t\t<div class=\"elementor-element elementor-element-d2bbdc0 elementor-widget elementor-widget-text-editor\" data-id=\"d2bbdc0\" data-element_type=\"widget\" data-e-type=\"widget\" data-widget_type=\"text-editor.default\">\n\t\t\t\t<div class=\"elementor-widget-container\">\n\t\t\t\t\t\t\t\t\t<p>&#8230; sont bienvenus \u00e0 l&rsquo;H\u00f4tellerie franciscaine. Les cyclistes peuvent mettre leur v\u00e9lo \u00e0 l&rsquo;abri&nbsp;pour la nuit dans le garage. Randonneurs, St-Maurice se trouve sur la&nbsp;Via Francigena.<\/p>\n\t\t\t\t\t\t\t\t<\/div>\n\t\t\t\t<\/div>\n\t\t\t\t\t<\/div>\n\t\t\t\t<\/div>\n\t\t\t\t<\/div>\n\t\t<\/div><div class=\"jet-listing-grid__item jet-listing-dynamic-post-43\" data-post-id=\"43\"  >\t\t<div data-elementor-type=\"jet-listing-items\" data-elementor-id=\"47\" class=\"elementor elementor-47\" data-elementor-post-type=\"jet-engine\">\n\t\t\t\t<div data-particle_enable=\"false\" data-particle-mobile-disabled=\"false\" class=\"elementor-element elementor-element-411a861 e-flex e-con-boxed e-con e-parent\" data-id=\"411a861\" data-element_type=\"container\" data-e-type=\"container\" data-settings=\"{&quot;background_background&quot;:&quot;classic&quot;,&quot;jet_parallax_layout_list&quot;:[]}\">\n\t\t\t\t\t<div class=\"e-con-inner\">\n\t\t\t\t<div class=\"elementor-element elementor-element-567cfd5 elementor-widget elementor-widget-image\" data-id=\"567cfd5\" data-element_type=\"widget\" data-e-type=\"widget\" data-widget_type=\"image.default\">\n\t\t\t\t<div class=\"elementor-widget-container\">\n\t\t\t\t\t\t\t\t\t\t\t\t\t\t\t<img loading=\"lazy\" decoding=\"async\" width=\"300\" height=\"200\" src=\"https:\/\/hotellerie-franciscaine.ch\/wp-content\/uploads\/2024\/12\/hf-familles-grand-300x200.jpg\" class=\"attachment-medium size-medium wp-image-45\" alt=\"\" srcset=\"https:\/\/hotellerie-franciscaine.ch\/wp-content\/uploads\/2024\/12\/hf-familles-grand-300x200.jpg 300w, https:\/\/hotellerie-franciscaine.ch\/wp-content\/uploads\/2024\/12\/hf-familles-grand.jpg 424w\" sizes=\"(max-width: 300px) 100vw, 300px\" \/>\t\t\t\t\t\t\t\t\t\t\t\t\t\t\t<\/div>\n\t\t\t\t<\/div>\n\t\t\t\t<div class=\"elementor-element elementor-element-3face0f elementor-widget elementor-widget-heading\" data-id=\"3face0f\" data-element_type=\"widget\" data-e-type=\"widget\" data-widget_type=\"heading.default\">\n\t\t\t\t<div class=\"elementor-widget-container\">\n\t\t\t\t\t<h3 class=\"elementor-heading-title elementor-size-default\">Accueil des familles<\/h3>\t\t\t\t<\/div>\n\t\t\t\t<\/div>\n\t\t\t\t<div class=\"elementor-element elementor-element-d2bbdc0 elementor-widget elementor-widget-text-editor\" data-id=\"d2bbdc0\" data-element_type=\"widget\" data-e-type=\"widget\" data-widget_type=\"text-editor.default\">\n\t\t\t\t<div class=\"elementor-widget-container\">\n\t\t\t\t\t\t\t\t\t<p>Les enfants en dessous de 3 ans sont re\u00e7us gratuitement. Nous offrons un tarif avantageux pour les enfants en dessous de 13 ans pour les repas. Les enfants sont bienvenus dans toute la maison et peuvent jouer dans le jardin.<\/p>\n\t\t\t\t\t\t\t\t<\/div>\n\t\t\t\t<\/div>\n\t\t\t\t\t<\/div>\n\t\t\t\t<\/div>\n\t\t\t\t<\/div>\n\t\t<\/div><\/div><\/div>\t\t\t\t<\/div>\n\t\t\t\t<\/div>\n\t\t\t\t\t<\/div>\n\t\t\t\t<\/div>\n\t\t\t\t<\/div>\n\t\t","protected":false},"excerpt":{"rendered":"<p>Praktische Infos<\/p>","protected":false},"author":1,"featured_media":0,"parent":0,"menu_order":0,"comment_status":"closed","ping_status":"closed","template":"","meta":{"_seopress_robots_primary_cat":"","_seopress_titles_title":"","_seopress_titles_desc":"","_seopress_robots_index":"","footnotes":""},"affichage":[],"class_list":["post-101","page","type-page","status-publish","hentry"],"_links":{"self":[{"href":"https:\/\/hotellerie-franciscaine.ch\/de\/wp-json\/wp\/v2\/pages\/101","targetHints":{"allow":["GET"]}}],"collection":[{"href":"https:\/\/hotellerie-franciscaine.ch\/de\/wp-json\/wp\/v2\/pages"}],"about":[{"href":"https:\/\/hotellerie-franciscaine.ch\/de\/wp-json\/wp\/v2\/types\/page"}],"author":[{"embeddable":true,"href":"https:\/\/hotellerie-franciscaine.ch\/de\/wp-json\/wp\/v2\/users\/1"}],"replies":[{"embeddable":true,"href":"https:\/\/hotellerie-franciscaine.ch\/de\/wp-json\/wp\/v2\/comments?post=101"}],"version-history":[{"count":7,"href":"https:\/\/hotellerie-franciscaine.ch\/de\/wp-json\/wp\/v2\/pages\/101\/revisions"}],"predecessor-version":[{"id":389,"href":"https:\/\/hotellerie-franciscaine.ch\/de\/wp-json\/wp\/v2\/pages\/101\/revisions\/389"}],"wp:attachment":[{"href":"https:\/\/hotellerie-franciscaine.ch\/de\/wp-json\/wp\/v2\/media?parent=101"}],"wp:term":[{"taxonomy":"affichage","embeddable":true,"href":"https:\/\/hotellerie-franciscaine.ch\/de\/wp-json\/wp\/v2\/affichage?post=101"}],"curies":[{"name":"wp","href":"https:\/\/api.w.org\/{rel}","templated":true}]}}